{"id":13,"date":"2025-08-28T09:00:29","date_gmt":"2025-08-28T07:00:29","guid":{"rendered":"https:\/\/www.goobyobsam.com\/?page_id=13"},"modified":"2025-12-04T12:37:24","modified_gmt":"2025-12-04T11:37:24","slug":"goo","status":"publish","type":"page","link":"https:\/\/obsam.com\/en\/goo\/","title":{"rendered":"Goo"},"content":{"rendered":"<div data-elementor-type=\"wp-page\" data-elementor-id=\"13\" class=\"elementor elementor-13\" data-elementor-post-type=\"page\">\n\t\t\t\t<div class=\"elementor-element elementor-element-1db0fe7 e-flex e-con-boxed e-con e-parent\" data-id=\"1db0fe7\" data-element_type=\"container\" data-e-type=\"container\" data-settings=\"{&quot;background_background&quot;:&quot;classic&quot;}\">\n\t\t\t\t\t<div class=\"e-con-inner\">\n\t\t\t\t<div class=\"elementor-element elementor-element-42f8574 elementor-widget elementor-widget-image\" data-id=\"42f8574\" data-element_type=\"widget\" data-e-type=\"widget\" data-widget_type=\"image.default\">\n\t\t\t\t\t\t\t\t\t\t\t\t\t\t\t<img fetchpriority=\"high\" decoding=\"async\" width=\"800\" height=\"222\" src=\"https:\/\/obsam.com\/wp-content\/uploads\/2023\/11\/goo-logo.webp\" class=\"attachment-large size-large wp-image-6282\" alt=\"\" srcset=\"https:\/\/obsam.com\/wp-content\/uploads\/2023\/11\/goo-logo.webp 1000w, https:\/\/obsam.com\/wp-content\/uploads\/2023\/11\/goo-logo-300x83.webp 300w, https:\/\/obsam.com\/wp-content\/uploads\/2023\/11\/goo-logo-768x214.png 768w\" sizes=\"(max-width: 800px) 100vw, 800px\" \/>\t\t\t\t\t\t\t\t\t\t\t\t\t\t\t<\/div>\n\t\t\t\t<div class=\"elementor-element elementor-element-a0f8dec elementor-widget elementor-widget-heading\" data-id=\"a0f8dec\" data-element_type=\"widget\" data-e-type=\"widget\" data-widget_type=\"heading.default\">\n\t\t\t\t\t<h2 class=\"elementor-heading-title elementor-size-default\">Your spare parts and sourcing platform<\/h2>\t\t\t\t<\/div>\n\t\t\t\t<div class=\"elementor-element elementor-element-5d84e89 elementor-widget elementor-widget-text-editor\" data-id=\"5d84e89\" data-element_type=\"widget\" data-e-type=\"widget\" data-widget_type=\"text-editor.default\">\n\t\t\t\t\t\t\t\t\t<p>your means of production are at a standstill due to<br \/>the obsolescence of a part that can no longer be manufactured<\/p>\t\t\t\t\t\t\t\t<\/div>\n\t\t\t\t<div class=\"elementor-element elementor-element-98ac390 elementor-widget elementor-widget-text-editor\" data-id=\"98ac390\" data-element_type=\"widget\" data-e-type=\"widget\" data-widget_type=\"text-editor.default\">\n\t\t\t\t\t\t\t\t\t<p>DISCOVER GOO'S ANTI-OBSOLESCENCE SOLUTION<br \/>AND SECURE YOUR BUSINESS!<\/p>\t\t\t\t\t\t\t\t<\/div>\n\t\t\t\t<div class=\"elementor-element elementor-element-83383b0 elementor-widget elementor-widget-html\" data-id=\"83383b0\" data-element_type=\"widget\" data-e-type=\"widget\" data-widget_type=\"html.default\">\n\t\t\t\t\t      <a class=\"btn-contactez-nous\" href=\"https:\/\/obsam.fr\/contact\/\" target=\"_blank\" rel=\"noopener\">I'M INTERESTED<\/a>\t\t\t\t<\/div>\n\t\t\t\t<div class=\"elementor-element elementor-element-385baf9 mousse-move elementor-widget elementor-widget-image\" data-id=\"385baf9\" data-element_type=\"widget\" data-e-type=\"widget\" data-widget_type=\"image.default\">\n\t\t\t\t\t\t\t\t\t\t\t\t\t\t\t\t<a href=\"#goo-section\">\n\t\t\t\t\t\t\t<img decoding=\"async\" width=\"348\" height=\"474\" src=\"https:\/\/obsam.com\/wp-content\/uploads\/2025\/07\/fleche-avec-arrondi-obsam.svg\" class=\"attachment-large size-large wp-image-84\" alt=\"\" \/>\t\t\t\t\t\t\t\t<\/a>\n\t\t\t\t\t\t\t\t\t\t\t\t\t\t\t<\/div>\n\t\t\t\t\t<\/div>\n\t\t\t\t<\/div>\n\t\t<div class=\"elementor-element elementor-element-286d98c e-flex e-con-boxed e-con e-parent\" data-id=\"286d98c\" data-element_type=\"container\" data-e-type=\"container\" id=\"goo-section\" data-settings=\"{&quot;background_background&quot;:&quot;classic&quot;}\">\n\t\t\t\t\t<div class=\"e-con-inner\">\n\t\t\t\t<div class=\"elementor-element elementor-element-5e8be13 elementor-widget elementor-widget-heading\" data-id=\"5e8be13\" data-element_type=\"widget\" data-e-type=\"widget\" data-widget_type=\"heading.default\">\n\t\t\t\t\t<h2 class=\"elementor-heading-title elementor-size-default\"><span style=\"font-weight: 400;font-style:italic;color: var(--e-global-color-accent)\">the anti-obsolescence  solution through Procurement<\/span><br>small and medium-sized businesses<\/h2>\t\t\t\t<\/div>\n\t\t\t\t<div class=\"elementor-element elementor-element-a47b491 elementor-widget elementor-widget-html\" data-id=\"a47b491\" data-element_type=\"widget\" data-e-type=\"widget\" data-widget_type=\"html.default\">\n\t\t\t\t\t<hr class=\"hr-custom\">\t\t\t\t<\/div>\n\t\t\t\t<div class=\"elementor-element elementor-element-5dcc0b4 elementor-widget elementor-widget-text-editor\" data-id=\"5dcc0b4\" data-element_type=\"widget\" data-e-type=\"widget\" data-widget_type=\"text-editor.default\">\n\t\t\t\t\t\t\t\t\t<p>In addition to its core business of obsolescence management, OBSAM also offers expertise. We are also a central purchasing agency, offering our French and foreign customers the opportunity to participate in maintaining their equipment in operational condition.\u00bb<\/p>\t\t\t\t\t\t\t\t<\/div>\n\t\t\t\t\t<\/div>\n\t\t\t\t<\/div>\n\t\t<div class=\"elementor-element elementor-element-624a9ce e-flex e-con-boxed e-con e-parent\" data-id=\"624a9ce\" data-element_type=\"container\" data-e-type=\"container\" data-settings=\"{&quot;background_background&quot;:&quot;classic&quot;}\">\n\t\t\t\t\t<div class=\"e-con-inner\">\n\t\t<div class=\"elementor-element elementor-element-f627529 e-con-full elementor-hidden-tablet elementor-hidden-mobile e-flex e-con e-child\" data-id=\"f627529\" data-element_type=\"container\" data-e-type=\"container\">\n\t\t\t\t<div class=\"elementor-element elementor-element-af6c4af animated-slow elementor-invisible elementor-widget elementor-widget-image\" data-id=\"af6c4af\" data-element_type=\"widget\" data-e-type=\"widget\" data-settings=\"{&quot;_animation&quot;:&quot;fadeInDown&quot;}\" data-widget_type=\"image.default\">\n\t\t\t\t\t\t\t\t\t\t\t\t\t\t\t<img decoding=\"async\" width=\"365\" height=\"480\" src=\"https:\/\/obsam.com\/wp-content\/uploads\/2025\/12\/image-de-gauche-obsam.webp\" class=\"attachment-large size-large wp-image-9581\" alt=\"\" srcset=\"https:\/\/obsam.com\/wp-content\/uploads\/2025\/12\/image-de-gauche-obsam.webp 365w, https:\/\/obsam.com\/wp-content\/uploads\/2025\/12\/image-de-gauche-obsam-228x300.webp 228w\" sizes=\"(max-width: 365px) 100vw, 365px\" \/>\t\t\t\t\t\t\t\t\t\t\t\t\t\t\t<\/div>\n\t\t\t\t<\/div>\n\t\t<div class=\"elementor-element elementor-element-cfe250a e-con-full elementor-hidden-tablet elementor-hidden-mobile e-flex e-con e-child\" data-id=\"cfe250a\" data-element_type=\"container\" data-e-type=\"container\">\n\t\t\t\t<div class=\"elementor-element elementor-element-0de60a5 elementor-invisible elementor-widget elementor-widget-image\" data-id=\"0de60a5\" data-element_type=\"widget\" data-e-type=\"widget\" data-settings=\"{&quot;_animation&quot;:&quot;fadeInDown&quot;}\" data-widget_type=\"image.default\">\n\t\t\t\t\t\t\t\t\t\t\t\t\t\t\t<img loading=\"lazy\" decoding=\"async\" width=\"321\" height=\"453\" src=\"https:\/\/obsam.com\/wp-content\/uploads\/2025\/12\/image-de-droite-obsam.webp\" class=\"attachment-large size-large wp-image-9580\" alt=\"\" srcset=\"https:\/\/obsam.com\/wp-content\/uploads\/2025\/12\/image-de-droite-obsam.webp 321w, https:\/\/obsam.com\/wp-content\/uploads\/2025\/12\/image-de-droite-obsam-213x300.webp 213w\" sizes=\"(max-width: 321px) 100vw, 321px\" \/>\t\t\t\t\t\t\t\t\t\t\t\t\t\t\t<\/div>\n\t\t\t\t<\/div>\n\t\t<div class=\"elementor-element elementor-element-fb555cd e-con-full e-flex e-con e-child\" data-id=\"fb555cd\" data-element_type=\"container\" data-e-type=\"container\">\n\t\t\t\t<div class=\"elementor-element elementor-element-c8c14b3 elementor-widget elementor-widget-heading\" data-id=\"c8c14b3\" data-element_type=\"widget\" data-e-type=\"widget\" data-widget_type=\"heading.default\">\n\t\t\t\t\t<h2 class=\"elementor-heading-title elementor-size-default\">the goo solution :<\/h2>\t\t\t\t<\/div>\n\t\t\t\t<div class=\"elementor-element elementor-element-1697996 elementor-widget elementor-widget-text-editor\" data-id=\"1697996\" data-element_type=\"widget\" data-e-type=\"widget\" data-widget_type=\"text-editor.default\">\n\t\t\t\t\t\t\t\t\t<p>OBSAM'S EXPERTISE IN THE FIGHT AGAINST OBSOLESCENCE AT THE SERVICE OF COMPANIES.<\/p>\t\t\t\t\t\t\t\t<\/div>\n\t\t\t\t<div class=\"elementor-element elementor-element-d4a8367 elementor-widget elementor-widget-html\" data-id=\"d4a8367\" data-element_type=\"widget\" data-e-type=\"widget\" data-widget_type=\"html.default\">\n\t\t\t\t\t<hr class=\"hr-custom-2\">\t\t\t\t<\/div>\n\t\t\t\t<div class=\"elementor-element elementor-element-721a603 elementor-widget elementor-widget-text-editor\" data-id=\"721a603\" data-element_type=\"widget\" data-e-type=\"widget\" data-widget_type=\"text-editor.default\">\n\t\t\t\t\t\t\t\t\t<p>Developed by <strong>expands<\/strong>, a company specializing in <strong>obsolescence watch<\/strong>, <strong>GOO service<\/strong> is aimed at companies of all sizes and in all sectors directly or indirectly affected by obsolescence-related downsizing.<br \/>For small and medium-sized businesses, obsolescence may concern a defective part for which they cannot find a replacement.<\/p><p>As a service provider to a large number of companies, as well as to the French Ministry of the Armed Forces, OBSAM is keen to put its expertise, database and network to work for companies for whom obsolescence can become a real threat to their peace of mind.<\/p><p>You're wondering if the <strong>GOO service<\/strong> may be of interest to you?<\/p>\t\t\t\t\t\t\t\t<\/div>\n\t\t\t\t<div class=\"elementor-element elementor-element-149373a animated-slow elementor-hidden-desktop elementor-hidden-tablet elementor-invisible elementor-widget elementor-widget-image\" data-id=\"149373a\" data-element_type=\"widget\" data-e-type=\"widget\" data-settings=\"{&quot;_animation&quot;:&quot;fadeInDown&quot;}\" data-widget_type=\"image.default\">\n\t\t\t\t\t\t\t\t\t\t\t\t\t\t\t<img decoding=\"async\" src=\"https:\/\/www.goobyobsam.com\/wp-content\/uploads\/2023\/11\/image-de-gauche-obsam.png\" title=\"\" alt=\"\" loading=\"lazy\" \/>\t\t\t\t\t\t\t\t\t\t\t\t\t\t\t<\/div>\n\t\t\t\t<\/div>\n\t\t\t\t\t<\/div>\n\t\t\t\t<\/div>\n\t\t<div class=\"elementor-element elementor-element-bc84966 elementor-hidden-desktop elementor-hidden-tablet e-flex e-con-boxed e-con e-parent\" data-id=\"bc84966\" data-element_type=\"container\" data-e-type=\"container\" data-settings=\"{&quot;background_background&quot;:&quot;classic&quot;}\">\n\t\t\t\t\t<div class=\"e-con-inner\">\n\t\t<div class=\"elementor-element elementor-element-0092ad5 e-con-full e-flex e-con e-child\" data-id=\"0092ad5\" data-element_type=\"container\" data-e-type=\"container\">\n\t\t\t\t<\/div>\n\t\t<div class=\"elementor-element elementor-element-2c582b2 e-con-full e-flex e-con e-child\" data-id=\"2c582b2\" data-element_type=\"container\" data-e-type=\"container\">\n\t\t\t\t<div class=\"elementor-element elementor-element-0350267 elementor-invisible elementor-widget elementor-widget-image\" data-id=\"0350267\" data-element_type=\"widget\" data-e-type=\"widget\" data-settings=\"{&quot;_animation&quot;:&quot;fadeInDown&quot;}\" data-widget_type=\"image.default\">\n\t\t\t\t\t\t\t\t\t\t\t\t\t\t\t<img decoding=\"async\" src=\"https:\/\/www.goobyobsam.com\/wp-content\/uploads\/2023\/11\/image-de-droite-obsam.png\" title=\"\" alt=\"\" loading=\"lazy\" \/>\t\t\t\t\t\t\t\t\t\t\t\t\t\t\t<\/div>\n\t\t\t\t<\/div>\n\t\t\t\t\t<\/div>\n\t\t\t\t<\/div>\n\t\t<div class=\"elementor-element elementor-element-3a17383 elementor-hidden-desktop elementor-hidden-mobile e-flex e-con-boxed e-con e-parent\" data-id=\"3a17383\" data-element_type=\"container\" data-e-type=\"container\" data-settings=\"{&quot;background_background&quot;:&quot;classic&quot;}\">\n\t\t\t\t\t<div class=\"e-con-inner\">\n\t\t<div class=\"elementor-element elementor-element-d786dd5 e-con-full e-flex e-con e-child\" data-id=\"d786dd5\" data-element_type=\"container\" data-e-type=\"container\">\n\t\t\t\t<div class=\"elementor-element elementor-element-957dc8f animated-slow elementor-invisible elementor-widget elementor-widget-image\" data-id=\"957dc8f\" data-element_type=\"widget\" data-e-type=\"widget\" data-settings=\"{&quot;_animation&quot;:&quot;fadeInDown&quot;}\" data-widget_type=\"image.default\">\n\t\t\t\t\t\t\t\t\t\t\t\t\t\t\t<img decoding=\"async\" src=\"https:\/\/www.goobyobsam.com\/wp-content\/uploads\/2023\/11\/image-de-gauche-obsam.png\" title=\"\" alt=\"\" loading=\"lazy\" \/>\t\t\t\t\t\t\t\t\t\t\t\t\t\t\t<\/div>\n\t\t\t\t<\/div>\n\t\t<div class=\"elementor-element elementor-element-c8c7f31 e-con-full e-flex e-con e-child\" data-id=\"c8c7f31\" data-element_type=\"container\" data-e-type=\"container\">\n\t\t\t\t<div class=\"elementor-element elementor-element-f9edf54 elementor-invisible elementor-widget elementor-widget-image\" data-id=\"f9edf54\" data-element_type=\"widget\" data-e-type=\"widget\" data-settings=\"{&quot;_animation&quot;:&quot;fadeInDown&quot;}\" data-widget_type=\"image.default\">\n\t\t\t\t\t\t\t\t\t\t\t\t\t\t\t<img decoding=\"async\" src=\"https:\/\/www.goobyobsam.com\/wp-content\/uploads\/2023\/11\/image-de-droite-obsam.png\" title=\"\" alt=\"\" loading=\"lazy\" \/>\t\t\t\t\t\t\t\t\t\t\t\t\t\t\t<\/div>\n\t\t\t\t<\/div>\n\t\t\t\t\t<\/div>\n\t\t\t\t<\/div>\n\t\t<div class=\"elementor-element elementor-element-57073cb e-flex e-con-boxed e-con e-parent\" data-id=\"57073cb\" data-element_type=\"container\" data-e-type=\"container\" data-settings=\"{&quot;background_background&quot;:&quot;classic&quot;}\">\n\t\t\t\t\t<div class=\"e-con-inner\">\n\t\t<div class=\"elementor-element elementor-element-900af37 e-con-full e-flex e-con e-child\" data-id=\"900af37\" data-element_type=\"container\" data-e-type=\"container\">\n\t\t\t\t<div class=\"elementor-element elementor-element-8b09044 elementor-widget elementor-widget-heading\" data-id=\"8b09044\" data-element_type=\"widget\" data-e-type=\"widget\" data-widget_type=\"heading.default\">\n\t\t\t\t\t<h3 class=\"elementor-heading-title elementor-size-default\">good reasons to use GOO<\/h3>\t\t\t\t<\/div>\n\t\t\t\t<div class=\"elementor-element elementor-element-5d65f90 elementor-widget elementor-widget-html\" data-id=\"5d65f90\" data-element_type=\"widget\" data-e-type=\"widget\" data-widget_type=\"html.default\">\n\t\t\t\t\t<hr class=\"hr-custom-3\">\t\t\t\t<\/div>\n\t\t\t\t<\/div>\n\t\t\t\t\t<\/div>\n\t\t\t\t<\/div>\n\t\t<div class=\"elementor-element elementor-element-7cc8d39 e-con-full e-flex e-con e-parent\" data-id=\"7cc8d39\" data-element_type=\"container\" data-e-type=\"container\" data-settings=\"{&quot;background_background&quot;:&quot;classic&quot;}\">\n\t\t<div class=\"elementor-element elementor-element-8f1f80c e-flex e-con-boxed e-con e-child\" data-id=\"8f1f80c\" data-element_type=\"container\" data-e-type=\"container\">\n\t\t\t\t\t<div class=\"e-con-inner\">\n\t\t<div class=\"elementor-element elementor-element-dbe1831 e-flex e-con-boxed e-con e-child\" data-id=\"dbe1831\" data-element_type=\"container\" data-e-type=\"container\">\n\t\t\t\t\t<div class=\"e-con-inner\">\n\t\t\t\t<div class=\"elementor-element elementor-element-f08b0af elementor-widget elementor-widget-html\" data-id=\"f08b0af\" data-element_type=\"widget\" data-e-type=\"widget\" data-widget_type=\"html.default\">\n\t\t\t\t\t\r\n  <div class=\"general\">\r\n    <div class=\"encadre-1\">\r\n      <img decoding=\"async\" src=\"\/wp-content\/uploads\/2025\/12\/rapidite-et-reactivite-obsam.png\">\r\n      <p>Speed &amp; responsiveness<\/p>\r\n      <a class=\"gradient-border-mask\" href=\"#rapiditeetreactivite\">LEARN MORE<\/a>\r\n    <\/div>\r\n  <\/div>\r\n\t\t\t\t<\/div>\n\t\t\t\t\t<\/div>\n\t\t\t\t<\/div>\n\t\t<div class=\"elementor-element elementor-element-893718b e-flex e-con-boxed e-con e-child\" data-id=\"893718b\" data-element_type=\"container\" data-e-type=\"container\">\n\t\t\t\t\t<div class=\"e-con-inner\">\n\t\t\t\t<div class=\"elementor-element elementor-element-9870f44 elementor-widget elementor-widget-html\" data-id=\"9870f44\" data-element_type=\"widget\" data-e-type=\"widget\" data-widget_type=\"html.default\">\n\t\t\t\t\t\r\n  <div class=\"general\">\r\n    <div class=\"encadre-2\">\r\n      <img decoding=\"async\" src=\"\/wp-content\/uploads\/2025\/12\/icon-base-de-donnes-obsam.png\">\r\n      <p>A qualified database to meet your needs<br>to your needs\r\n<\/p>\r\n      <a class=\"gradient-border-mask\" href=\"#accesbasededonnees\">LEARN MORE<\/a>\r\n    <\/div>\r\n  <\/div>\r\n\t\t\t\t<\/div>\n\t\t\t\t\t<\/div>\n\t\t\t\t<\/div>\n\t\t<div class=\"elementor-element elementor-element-8107326 e-flex e-con-boxed e-con e-child\" data-id=\"8107326\" data-element_type=\"container\" data-e-type=\"container\">\n\t\t\t\t\t<div class=\"e-con-inner\">\n\t\t\t\t<div class=\"elementor-element elementor-element-9c6b82e elementor-widget elementor-widget-html\" data-id=\"9c6b82e\" data-element_type=\"widget\" data-e-type=\"widget\" data-widget_type=\"html.default\">\n\t\t\t\t\t\r\n  <div class=\"general\">\r\n    <div class=\"encadre-4\">\r\n      <img decoding=\"async\" src=\"\/wp-content\/uploads\/2025\/12\/icon-securite-obsam.png\">\r\n      <p>Security<\/p>\r\n      <a class=\"gradient-border-mask\" href=\"#securite\">LEARN MORE<\/a>\r\n    <\/div>\r\n  <\/div>\r\n\t\t\t\t<\/div>\n\t\t\t\t\t<\/div>\n\t\t\t\t<\/div>\n\t\t\t\t\t<\/div>\n\t\t\t\t<\/div>\n\t\t<div class=\"elementor-element elementor-element-91c1cb6 e-flex e-con-boxed e-con e-child\" data-id=\"91c1cb6\" data-element_type=\"container\" data-e-type=\"container\">\n\t\t\t\t\t<div class=\"e-con-inner\">\n\t\t<div class=\"elementor-element elementor-element-4eb5b1a e-flex e-con-boxed e-con e-child\" data-id=\"4eb5b1a\" data-element_type=\"container\" data-e-type=\"container\">\n\t\t\t\t\t<div class=\"e-con-inner\">\n\t\t\t\t<div class=\"elementor-element elementor-element-fdd65ba elementor-widget elementor-widget-html\" data-id=\"fdd65ba\" data-element_type=\"widget\" data-e-type=\"widget\" data-widget_type=\"html.default\">\n\t\t\t\t\t\r\n  <div class=\"general\">\r\n    <div class=\"encadre-5\">\r\n      <img decoding=\"async\" src=\"\/wp-content\/uploads\/2025\/12\/icon-pas-d-engagement-obsam.png\">\r\n      <p>The answer to your needs<\/p>\r\n      <a class=\"gradient-border-mask\" href=\"#besoin\">LEARN MORE<\/a>\r\n    <\/div>\r\n  <\/div>\r\n\t\t\t\t<\/div>\n\t\t\t\t\t<\/div>\n\t\t\t\t<\/div>\n\t\t<div class=\"elementor-element elementor-element-01251b6 e-flex e-con-boxed e-con e-child\" data-id=\"01251b6\" data-element_type=\"container\" data-e-type=\"container\">\n\t\t\t\t\t<div class=\"e-con-inner\">\n\t\t\t\t<div class=\"elementor-element elementor-element-bff6a08 elementor-widget elementor-widget-html\" data-id=\"bff6a08\" data-element_type=\"widget\" data-e-type=\"widget\" data-widget_type=\"html.default\">\n\t\t\t\t\t\r\n  <div class=\"general\">\r\n    <div class=\"encadre-6\">\r\n      <img decoding=\"async\" src=\"\/wp-content\/uploads\/2025\/12\/solution-dematerialise-obsam.png\">\r\n      <p>Multi-domain, multi-family sourcing<\/p>\r\n      <a class=\"gradient-border-mask\" href=\"#multifamilles\">LEARN MORE<\/a>\r\n    <\/div>\r\n  <\/div>\r\n\t\t\t\t<\/div>\n\t\t\t\t\t<\/div>\n\t\t\t\t<\/div>\n\t\t<div class=\"elementor-element elementor-element-1f27af4 e-flex e-con-boxed e-con e-child\" data-id=\"1f27af4\" data-element_type=\"container\" data-e-type=\"container\">\n\t\t\t\t\t<div class=\"e-con-inner\">\n\t\t\t\t<div class=\"elementor-element elementor-element-3bf0d53 elementor-widget elementor-widget-html\" data-id=\"3bf0d53\" data-element_type=\"widget\" data-e-type=\"widget\" data-widget_type=\"html.default\">\n\t\t\t\t\t\r\n  <div class=\"general\">\r\n    <div class=\"encadre-7\">\r\n      <img decoding=\"async\" src=\"\/wp-content\/uploads\/2025\/12\/service-all-inclusive-obsam.png\">\r\n      <p>All-inclusive service<\/p>\r\n      <a class=\"gradient-border-mask\" href=\"#serviceallinclusive\">LEARN MORE<\/a>\r\n    <\/div>\r\n  <\/div>\r\n\t\t\t\t<\/div>\n\t\t\t\t\t<\/div>\n\t\t\t\t<\/div>\n\t\t\t\t\t<\/div>\n\t\t\t\t<\/div>\n\t\t\t\t<\/div>\n\t\t\t\t<\/div>","protected":false},"excerpt":{"rendered":"<p>Votre plateforme spare parts et sourcing vos moyens de production sont \u00e0 l\u2019arr\u00eat en raisonde l\u2019obsolescence d\u2019une pi\u00e8ce qui ne se fabrique plus D\u00c9COUVREZ LA SOLUTION ANTI-OBSOLESCENCE GOOET S\u00c9CURISEZ VOTRE ACTIVIT\u00c9 ! JE SUIS INT\u00c9RESS\u00c9 la solution anti-obsolescence par l&rsquo;approvisionnementdes petites et moyennes entreprises OBSAM, en plus de son activit\u00e9 principale de gestion d\u2019obsolescence, offre [&hellip;]<\/p>\n","protected":false},"author":4,"featured_media":0,"parent":0,"menu_order":0,"comment_status":"closed","ping_status":"closed","template":"","meta":{"_acf_changed":false,"footnotes":""},"class_list":["post-13","page","type-page","status-publish","hentry"],"acf":[],"_links":{"self":[{"href":"https:\/\/obsam.com\/en\/wp-json\/wp\/v2\/pages\/13","targetHints":{"allow":["GET"]}}],"collection":[{"href":"https:\/\/obsam.com\/en\/wp-json\/wp\/v2\/pages"}],"about":[{"href":"https:\/\/obsam.com\/en\/wp-json\/wp\/v2\/types\/page"}],"author":[{"embeddable":true,"href":"https:\/\/obsam.com\/en\/wp-json\/wp\/v2\/users\/4"}],"replies":[{"embeddable":true,"href":"https:\/\/obsam.com\/en\/wp-json\/wp\/v2\/comments?post=13"}],"version-history":[{"count":0,"href":"https:\/\/obsam.com\/en\/wp-json\/wp\/v2\/pages\/13\/revisions"}],"wp:attachment":[{"href":"https:\/\/obsam.com\/en\/wp-json\/wp\/v2\/media?parent=13"}],"curies":[{"name":"wp","href":"https:\/\/api.w.org\/{rel}","templated":true}]}}