{"id":8936,"date":"2025-09-10T15:53:00","date_gmt":"2025-09-10T13:53:00","guid":{"rendered":"https:\/\/obsam.shebam.fr\/?page_id=8936"},"modified":"2025-09-22T14:29:59","modified_gmt":"2025-09-22T12:29:59","slug":"mentions-legales","status":"publish","type":"page","link":"https:\/\/obsam.com\/en\/mentions-legales\/","title":{"rendered":"Legal Notice"},"content":{"rendered":"\t\t<div data-elementor-type=\"wp-page\" data-elementor-id=\"8936\" class=\"elementor elementor-8936\" data-elementor-post-type=\"page\">\n\t\t\t\t<div class=\"elementor-element elementor-element-a082b10 e-con-full e-flex e-con e-parent\" data-id=\"a082b10\" data-element_type=\"container\" data-e-type=\"container\">\n\t\t\t\t<div class=\"elementor-element elementor-element-95245ee elementor-widget elementor-widget-html\" data-id=\"95245ee\" data-element_type=\"widget\" data-e-type=\"widget\" data-widget_type=\"html.default\">\n\t\t\t\t\t<div class=\"vague-header\">\r\n  <img decoding=\"async\" src=\"https:\/\/obsam.com\/wp-content\/uploads\/2025\/08\/vague-header-obsam.svg\" alt=\"Vague header\">\r\n<\/div>\t\t\t\t<\/div>\n\t\t\t\t<\/div>\n\t\t<div class=\"elementor-element elementor-element-090ec5f e-flex e-con-boxed e-con e-parent\" data-id=\"090ec5f\" data-element_type=\"container\" data-e-type=\"container\">\n\t\t\t\t\t<div class=\"e-con-inner\">\n\t\t\t\t<div class=\"elementor-element elementor-element-ab6ff28 elementor-widget elementor-widget-heading\" data-id=\"ab6ff28\" data-element_type=\"widget\" data-e-type=\"widget\" data-widget_type=\"heading.default\">\n\t\t\t\t\t<h1 class=\"elementor-heading-title elementor-size-default\">Mentions l\u00e9gales<\/h1>\t\t\t\t<\/div>\n\t\t\t\t\t<\/div>\n\t\t\t\t<\/div>\n\t\t<div class=\"elementor-element elementor-element-3d7e74bd e-con-full e-flex e-con e-parent\" data-id=\"3d7e74bd\" data-element_type=\"container\" data-e-type=\"container\" data-settings=\"{&quot;background_background&quot;:&quot;classic&quot;}\">\n\t\t<div class=\"elementor-element elementor-element-772943db e-con-full e-flex e-con e-child\" data-id=\"772943db\" data-element_type=\"container\" data-e-type=\"container\" data-settings=\"{&quot;background_motion_fx_devices&quot;:[&quot;desktop&quot;,&quot;tablet&quot;,&quot;mobile&quot;]}\">\n\t\t<div class=\"elementor-element elementor-element-1633c91 e-con-full e-flex e-con e-child\" data-id=\"1633c91\" data-element_type=\"container\" data-e-type=\"container\">\n\t\t\t\t<div class=\"elementor-element elementor-element-4838551 elementor-widget elementor-widget-heading\" data-id=\"4838551\" data-element_type=\"widget\" data-e-type=\"widget\" data-widget_type=\"heading.default\">\n\t\t\t\t\t<h3 class=\"elementor-heading-title elementor-size-default\">Directeur de publication<\/h3>\t\t\t\t<\/div>\n\t\t\t\t<div class=\"elementor-element elementor-element-c3025e2 elementor-widget elementor-widget-text-editor\" data-id=\"c3025e2\" data-element_type=\"widget\" data-e-type=\"widget\" data-widget_type=\"text-editor.default\">\n\t\t\t\t\t\t\t\t\t<p>SAS OBSAM<br \/>Nathalie BARAT-VANDAMME<br \/>SIRET : 817 448 558 00038 R.C.S.<br \/>Si\u00e8ge social situ\u00e9 \u00e0 :<br \/>Le Moulin de Cassepot, 119 rue de Brest<br \/>22100 Dinan<br \/>T\u00e9l\u00e9phone : 02 96 88 62 01<br \/><a href=\"mailto:info@obsam.com\">info@obsam.com<\/a><br \/>Site internet :\u00a0<a href=\"http:\/\/www.obsam.com\/\" target=\"_blank\" rel=\"noopener\">http:\/\/www.obsam.com\/<\/a><br \/>Mise en ligne : 15\/09\/2025<\/p>\t\t\t\t\t\t\t\t<\/div>\n\t\t\t\t<\/div>\n\t\t<div class=\"elementor-element elementor-element-d956613 e-con-full e-flex e-con e-child\" data-id=\"d956613\" data-element_type=\"container\" data-e-type=\"container\">\n\t\t\t\t<div class=\"elementor-element elementor-element-41b8572 elementor-widget elementor-widget-heading\" data-id=\"41b8572\" data-element_type=\"widget\" data-e-type=\"widget\" data-widget_type=\"heading.default\">\n\t\t\t\t\t<h3 class=\"elementor-heading-title elementor-size-default\">Conception et r\u00e9alisation<\/h3>\t\t\t\t<\/div>\n\t\t\t\t<div class=\"elementor-element elementor-element-3c487b4 elementor-widget elementor-widget-text-editor\" data-id=\"3c487b4\" data-element_type=\"widget\" data-e-type=\"widget\" data-widget_type=\"text-editor.default\">\n\t\t\t\t\t\t\t\t\t<p>SARL SHEBAM!<br \/>SIRET : 819 851 593 00015 R.C.S. de Saint-Malo<br \/>Si\u00e8ge social situ\u00e9 \u00e0:<br \/>75 rue de la tramontane<br \/>22100 Taden<br \/>T\u00e9l\u00e9phone : 02 96 41 27 44<br \/><a href=\"mailto:contact@shebam.fr\">contact@shebam.fr<\/a><br \/>Site internet :\u00a0<a href=\"http:\/\/www.shebam.fr\/\" target=\"_blank\" rel=\"noopener noreferrer\">http:\/\/www.shebam.fr<\/a><\/p>\t\t\t\t\t\t\t\t<\/div>\n\t\t<div class=\"elementor-element elementor-element-2b731cf e-con-full e-flex e-con e-child\" data-id=\"2b731cf\" data-element_type=\"container\" data-e-type=\"container\">\n\t\t\t\t<div class=\"elementor-element elementor-element-ab30703 elementor-widget elementor-widget-heading\" data-id=\"ab30703\" data-element_type=\"widget\" data-e-type=\"widget\" data-widget_type=\"heading.default\">\n\t\t\t\t\t<h3 class=\"elementor-heading-title elementor-size-default\">H\u00e9bergement WEB<\/h3>\t\t\t\t<\/div>\n\t\t\t\t<div class=\"elementor-element elementor-element-d96826b elementor-widget elementor-widget-text-editor\" data-id=\"d96826b\" data-element_type=\"widget\" data-e-type=\"widget\" data-widget_type=\"text-editor.default\">\n\t\t\t\t\t\t\t\t\t<p>SAS OBSAM<br \/>SIRET : 817 448 558 00038 R.C.S.<br \/>Si\u00e8ge social situ\u00e9 \u00e0 :<br \/>Le Moulin de Cassepot, 119 rue de Brest<br \/>22100 Dinan<br \/>T\u00e9l\u00e9phone : 02 96 88 62 01<br \/><a href=\"mailto:info@obsam.com\">info@obsam.com<\/a><br \/>Site internet :\u00a0<a href=\"http:\/\/www.obsam.com\/\" target=\"_blank\" rel=\"noopener\">http:\/\/www.obsam.com\/<\/a><\/p>\t\t\t\t\t\t\t\t<\/div>\n\t\t\t\t<\/div>\n\t\t\t\t<\/div>\n\t\t\t\t<\/div>\n\t\t\t\t<\/div>\n\t\t\t\t<\/div>\n\t\t","protected":false},"excerpt":{"rendered":"<p>Mentions l\u00e9gales Directeur de publication SAS OBSAMNathalie BARAT-VANDAMMESIRET : 817 448 558 00038 R.C.S.Si\u00e8ge social situ\u00e9 \u00e0 :Le Moulin de Cassepot, 119 rue de Brest22100 DinanT\u00e9l\u00e9phone : 02 96 88 62 01info@obsam.comSite internet :\u00a0http:\/\/www.obsam.com\/Mise en ligne : 15\/09\/2025 Conception et r\u00e9alisation SARL SHEBAM!SIRET : 819 851 593 00015 R.C.S. de Saint-MaloSi\u00e8ge social situ\u00e9 \u00e0:75 rue [&hellip;]<\/p>\n","protected":false},"author":4,"featured_media":0,"parent":0,"menu_order":0,"comment_status":"closed","ping_status":"closed","template":"","meta":{"_acf_changed":false,"footnotes":""},"class_list":["post-8936","page","type-page","status-publish","hentry"],"acf":[],"_links":{"self":[{"href":"https:\/\/obsam.com\/en\/wp-json\/wp\/v2\/pages\/8936","targetHints":{"allow":["GET"]}}],"collection":[{"href":"https:\/\/obsam.com\/en\/wp-json\/wp\/v2\/pages"}],"about":[{"href":"https:\/\/obsam.com\/en\/wp-json\/wp\/v2\/types\/page"}],"author":[{"embeddable":true,"href":"https:\/\/obsam.com\/en\/wp-json\/wp\/v2\/users\/4"}],"replies":[{"embeddable":true,"href":"https:\/\/obsam.com\/en\/wp-json\/wp\/v2\/comments?post=8936"}],"version-history":[{"count":0,"href":"https:\/\/obsam.com\/en\/wp-json\/wp\/v2\/pages\/8936\/revisions"}],"wp:attachment":[{"href":"https:\/\/obsam.com\/en\/wp-json\/wp\/v2\/media?parent=8936"}],"curies":[{"name":"wp","href":"https:\/\/api.w.org\/{rel}","templated":true}]}}