{"id":8954,"date":"2025-09-10T16:15:54","date_gmt":"2025-09-10T14:15:54","guid":{"rendered":"https:\/\/obsam.shebam.fr\/?page_id=8954"},"modified":"2025-09-10T16:42:31","modified_gmt":"2025-09-10T14:42:31","slug":"politique-de-confidentialite","status":"publish","type":"page","link":"https:\/\/obsam.com\/en\/politique-de-confidentialite\/","title":{"rendered":"Privacy policy"},"content":{"rendered":"\t\t<div data-elementor-type=\"wp-page\" data-elementor-id=\"8954\" class=\"elementor elementor-8954\" data-elementor-post-type=\"page\">\n\t\t\t\t<div class=\"elementor-element elementor-element-a082b10 e-con-full e-flex e-con e-parent\" data-id=\"a082b10\" data-element_type=\"container\" data-e-type=\"container\">\n\t\t\t\t<div class=\"elementor-element elementor-element-95245ee elementor-widget elementor-widget-html\" data-id=\"95245ee\" data-element_type=\"widget\" data-e-type=\"widget\" data-widget_type=\"html.default\">\n\t\t\t\t\t<div class=\"vague-header\">\r\n  <img decoding=\"async\" src=\"https:\/\/obsam.com\/wp-content\/uploads\/2025\/08\/vague-header-obsam.svg\" alt=\"Vague header\">\r\n<\/div>\t\t\t\t<\/div>\n\t\t\t\t<\/div>\n\t\t<div class=\"elementor-element elementor-element-090ec5f e-flex e-con-boxed e-con e-parent\" data-id=\"090ec5f\" data-element_type=\"container\" data-e-type=\"container\">\n\t\t\t\t\t<div class=\"e-con-inner\">\n\t\t\t\t<div class=\"elementor-element elementor-element-ab6ff28 elementor-widget elementor-widget-heading\" data-id=\"ab6ff28\" data-element_type=\"widget\" data-e-type=\"widget\" data-widget_type=\"heading.default\">\n\t\t\t\t\t<h1 class=\"elementor-heading-title elementor-size-default\">Politique de confidentialit\u00e9<\/h1>\t\t\t\t<\/div>\n\t\t\t\t\t<\/div>\n\t\t\t\t<\/div>\n\t\t<div class=\"elementor-element elementor-element-3d7e74bd e-con-full e-flex e-con e-parent\" data-id=\"3d7e74bd\" data-element_type=\"container\" data-e-type=\"container\" data-settings=\"{&quot;background_background&quot;:&quot;classic&quot;}\">\n\t\t<div class=\"elementor-element elementor-element-772943db e-con-full e-flex e-con e-child\" data-id=\"772943db\" data-element_type=\"container\" data-e-type=\"container\" data-settings=\"{&quot;background_motion_fx_devices&quot;:[&quot;desktop&quot;,&quot;tablet&quot;,&quot;mobile&quot;]}\">\n\t\t<div class=\"elementor-element elementor-element-1633c91 e-con-full e-flex e-con e-child\" data-id=\"1633c91\" data-element_type=\"container\" data-e-type=\"container\">\n\t\t\t\t<div class=\"elementor-element elementor-element-6a2db03 elementor-widget elementor-widget-html\" data-id=\"6a2db03\" data-element_type=\"widget\" data-e-type=\"widget\" data-widget_type=\"html.default\">\n\t\t\t\t\t\r\n<h2 style=\"font-size: 31px;\">1. Donn\u00e9es personnelles<\/h2>\r\n<p>D\u2019une mani\u00e8re g\u00e9n\u00e9rale, il vous est possible de visiter le site <strong>OBSAM<\/strong> sans communiquer aucune information personnelle vous concernant. En toute hypoth\u00e8se, vous \u00eates en aucune mani\u00e8re oblig\u00e9 de transmettre ces informations \u00e0 <strong>OBSAM.<\/strong><\/p>\r\n\r\n<p>N\u00e9anmoins, en cas de refus, il se peut que vous ne puissiez pas b\u00e9n\u00e9ficier de certaines informations ou services que vous avez demand\u00e9s. \u00c0 ce titre en effet, <strong>OBSAM<\/strong> peut \u00eatre amen\u00e9 dans certains cas \u00e0 vous demander de renseigner vos nom, pr\u00e9nom, adresse mail, num\u00e9ro de t\u00e9l\u00e9phone (ci-apr\u00e8s vos \u00ab Informations Personnelles \u00bb). En fournissant ces informations, vous acceptez express\u00e9ment qu\u2019elles soient trait\u00e9es par <strong>OBSAM<\/strong>, aux fins indiqu\u00e9es au point 2 ci-dessous ainsi qu\u2019aux fins rappel\u00e9es \u00e0 la fin de chaque formulaire.<\/p>\r\n\r\n<p style=\"margin-bottom: 30px\">Conform\u00e9ment au R\u00e8glement G\u00e9n\u00e9ral sur la Protection des Donn\u00e9es (General Data Protection R\u00e9gulation) adopt\u00e9 par le Parlement europ\u00e9en le 14 avril 2016, et \u00e0 la Loi Informatique et Libert\u00e9s du 6 janvier 1978 modifi\u00e9e, <strong>OBSAM<\/strong> vous informe des points suivants :<\/p>\r\n<h3 style=\"font-size: 28px;\">1.1 Identit\u00e9 du responsable du traitement<\/h3>\r\n<p style=\"margin-bottom: 30px\">Le responsable du traitement est l\u2019agence <strong>OBSAM<\/strong>, ayant son si\u00e8ge social au <strong>Le Moulin de Cassepot, 119 rue de Brest, 2100 Dinan<\/strong> - 22100 Taden.\r\n        T\u00e9l. : 02 96 88 62 01<\/p>\r\n<h3 style=\"font-size: 28px;\">1.2 Finalit\u00e9 du traitement<\/h3>\r\n<p><strong>OBSAM<\/strong> est susceptible de traiter vos Informations Personnelles :\r\n\r\n<p>(a) aux fins de vous fournir les informations ou les services que vous avez demand\u00e9 (notamment : la demande r\u00e9servation d\"une ou des chambre(s)\/d\"un ou des service(s), demande contact,  et\/ou<\/p>\r\n\r\n<p style=\"margin-bottom: 30px\">(b) aux fins de recueillir des informations nous permettant d\u2019am\u00e9liorer notre Site, nos produits et services (notamment par le biais de cookies).<\/p>\r\n<h3 style=\"font-size: 28px;\">1.3 Destinataires<\/h3>\r\n<p style=\"margin-bottom: 30px\">Seul <strong>OBSAM<\/strong> est le seul destinataire de vos Informations Personnelles. Celles-ci, que ce soit sous forme individuelle ou agr\u00e9g\u00e9e, ne sont jamais transmises \u00e0 un tiers, nonobstant les sous-traitants auxquels <strong>OBSAM<\/strong> fait appel (vous trouverez de plus amples informations \u00e0 leur sujet au point 7 ci-dessous). Ni <strong>OBSAM<\/strong>, ni l\u2019un quelconque de ses sous-traitants, ne proc\u00e8dent \u00e0 la commercialisation des donn\u00e9es personnelles des Visiteurs et Utilisateurs de son Site.<\/p>\r\n<h3 style=\"font-size: 28px;\">1.4 Dur\u00e9e de conservation<\/h3>\r\n<p style=\"margin-bottom: 30px\">Vos Informations Personnelles sont conserv\u00e9es par <strong>OBSAM<\/strong> uniquement pour le temps correspondant \u00e0 la finalit\u00e9 de la collecte tel qu\u2019indiqu\u00e9 en 1.2 ci-dessus qui ne saurait en tout \u00e9tat de cause exc\u00e9der 13 mois.<\/p>\r\n<h3 style=\"font-size: 28px;\">1.5. Droits Informatique et Libert\u00e9s<\/h3>\r\n<p><strong>Droit d\u2019acc\u00e8s et de communication des donn\u00e9es<\/strong>\r\n\r\n<p>Vous avez la facult\u00e9 d\u2019acc\u00e9der aux Informations Personnelles qui vous concernent.<\/p>\r\n\r\n<p>Cependant, en raison de l\u2019obligation de s\u00e9curit\u00e9 et de confidentialit\u00e9 dans le traitement des donn\u00e9es \u00e0 caract\u00e8re personnel qui incombe \u00e0 <strong>OBSAM<\/strong>, vous \u00eates inform\u00e9 que votre demande sera trait\u00e9e sous r\u00e9serve que vous rapportiez la preuve de votre identit\u00e9, notamment par la production d\u2019une photocopie sign\u00e9e de votre titre d\u2019identit\u00e9 valide (en cas de demande adress\u00e9e par \u00e9crit).<\/p>\r\n\r\n<p><strong>OBSAM<\/strong> vous informe qu\u2019il sera en droit, le cas \u00e9ch\u00e9ant, de s\u2019opposer aux demandes manifestement abusives (de par leur nombre, leur caract\u00e8re r\u00e9p\u00e9titif ou syst\u00e9matique).<\/p>\r\n\r\n<p><strong>Droit de rectification des donn\u00e9es<\/strong><\/p>\r\n\r\n<p>Au titre de ce droit, la l\u00e9gislation vous habilite \u00e0 demander la rectification, la mise \u00e0 jour, le verrouillage ou encore l\u2019effacement des donn\u00e9es vous concernant qui peuvent s\u2019av\u00e9rer le cas \u00e9ch\u00e9ant inexactes, erron\u00e9es, incompl\u00e8tes ou obsol\u00e8tes.<\/p>\r\n\r\n<p>Egalement, vous pouvez d\u00e9finir des directives g\u00e9n\u00e9rales et particuli\u00e8res relatives au sort des donn\u00e9es \u00e0 caract\u00e8re personnel apr\u00e8s votre d\u00e9c\u00e8s. Le cas \u00e9ch\u00e9ant, les h\u00e9ritiers d\u2019une personne d\u00e9c\u00e9d\u00e9e peuvent exiger de prendre en consid\u00e9ration le d\u00e9c\u00e8s de leur proche et\/ou de proc\u00e9der aux mises \u00e0 jour n\u00e9cessaires.<\/p>\r\n\r\n<p><strong>Droit d\u2019opposition<\/strong><\/p>\r\n\r\n<p>L\u2019exercice de ce droit n\u2019est possible que dans l\u2019une des deux situations suivantes :<\/p>\r\n<ul style=\"margin-bottom: 30px\">\r\n<li>Lorsque l\u2019exercice de ce droit est fond\u00e9 sur des motifs l\u00e9gitimes ; ou<\/li>\r\n<li>Lorsque l\u2019exercice de ce droit vise \u00e0 faire obstacle \u00e0 ce que les donn\u00e9es recueillies soient utilis\u00e9es \u00e0 des fins de prospection commerciale<\/li><\/ul>\r\n<h3 style=\"font-size: 28px;\">1.6 D\u00e9lai de r\u00e9ponse<\/h3>\r\n<p style=\"margin-bottom: 30px\"><strong>OBSAM<\/strong> s\u2019engage \u00e0 r\u00e9pondre \u00e0 votre demande d\u2019acc\u00e8s, de rectification ou d\u2019opposition ou toute autre demande compl\u00e9mentaire d\u2019informations dans un d\u00e9lai raisonnable qui ne saurait d\u00e9passer 1 mois \u00e0 compter de la r\u00e9ception de votre demande.<\/p>\r\n<h3 style=\"font-size: 28px;\">1.7 Plainte aupr\u00e8s de l\u2019autorit\u00e9 comp\u00e9tente<\/h3>\r\n<p>Si vous consid\u00e9rez que <strong>OBSAM<\/strong> ne respecte pas ses obligations au regard de vos Informations Personnelles, vous pouvez adresser une plainte ou une demande aupr\u00e8s de l\u2019autorit\u00e9 comp\u00e9tente. En France, l\u2019autorit\u00e9 comp\u00e9tente est la CNIL \u00e0 laquelle vous pouvez adresser une demande par voie \u00e9lectronique en cliquant sur le lien suivant : <a href=\"https:\/\/www.cnil.fr\/fr\/plaintes\/internet\" target=\"_blank\" rel=\"noopener\">https:\/\/www.cnil.fr\/fr\/plaintes\/internet<\/a>.<\/p>\r\n<h2 style=\"font-size: 31px;\">2. Politique relative aux cookies<\/h2>\r\n<p style=\"margin-bottom: 30px\">Lors de votre premi\u00e8re connexion sur le site web de <strong>OBSAM<\/strong>, vous \u00eates avertis par un bandeau en bas de votre \u00e9cran que des informations relatives \u00e0 votre navigation sont susceptibles d\u2019\u00eatre enregistr\u00e9es dans des fichiers d\u00e9nomm\u00e9s \u00ab cookies \u00bb. Notre politique d\u2019utilisation des cookies vous permet de mieux comprendre les dispositions que nous mettons en \u0153uvre en mati\u00e8re de navigation sur notre site web. Elle vous informe notamment sur l\u2019ensemble des cookies pr\u00e9sents sur notre site web, leur finalit\u00e9  et vous donne la marche \u00e0 suivre pour les param\u00e9trer.<\/p>\r\n<h3 style=\"font-size: 28px;\">2.1 Informations g\u00e9n\u00e9rales sur les cookies pr\u00e9sents sur le site OBSAM!<\/h3>\r\n<p><strong>OBSAM<\/strong>, en tant qu\u2019\u00e9diteur du pr\u00e9sent site internet, pourra proc\u00e9der \u00e0 l\u2019implantation d\u2019un cookie sur le disque dur de votre terminal (ordinateur, tablette, mobile etc.) afin de vous garantir une navigation fluide et optimale sur notre site Internet.\r\n\r\n<p>Les \u00ab cookies \u00bb (ou t\u00e9moins de connexion) sont des petits fichiers texte de taille limit\u00e9e qui nous permettent de reconna\u00eetre votre ordinateur, votre tablette ou votre mobile aux fins de personnaliser les services que nous vous proposons.<\/p>\r\n\r\n<p>Les informations recueillies par le biais des cookies ne permettent en aucune mani\u00e8re de vous identifier nominativement. Elles sont utilis\u00e9es exclusivement pour nos besoins propres afin d\u2019am\u00e9liorer l\u2019interactivit\u00e9 et la performance de notre site web et de vous adresser des contenus adapt\u00e9s \u00e0 vos centres d\u2019int\u00e9r\u00eats. Aucune de ces informations ne fait l\u2019objet d\u2019une communication aupr\u00e8s de tiers sauf lorsque <strong>OBSAM<\/strong> a obtenu au pr\u00e9alable votre consentement ou bien lorsque la divulgation de ces informations est requise par la loi, sur ordre d\u2019un tribunal ou toute autorit\u00e9 administrative ou judiciaire habilit\u00e9e \u00e0 en conna\u00eetre.<\/p>\r\n\r\n<p style=\"margin-bottom: 30px\">Pour mieux vous \u00e9clairer sur les informations que les cookies identifient, vous trouverez ci-dessous un tableau listant les diff\u00e9rents types de cookies susceptibles d\u2019\u00eatre utilis\u00e9s sur le site web de <strong>OBSAM<\/strong>, leur nom, leur finalit\u00e9 ainsi que leur dur\u00e9e de conservation.<\/p>\r\n<h3 style=\"font-size: 28px;\">2.2. Configuration de vos pr\u00e9f\u00e9rences sur les cookies<\/h3>\r\n<p><\/p>Vous pouvez accepter ou refuser le d\u00e9p\u00f4t de cookies \u00e0 tout moment :\r\n\r\n<p>Lors de votre premi\u00e8re connexion sur le site web de <strong>OBSAM<\/strong>, une banni\u00e8re pr\u00e9sentant bri\u00e8vement des informations relatives au d\u00e9p\u00f4t de cookies et de technologies similaires appara\u00eet en bas de votre \u00e9cran. Cette banni\u00e8re vous avertit qu\u2019en poursuivant votre navigation sur le site web de <strong>OBSAM<\/strong> (en chargeant une nouvelle page ou en cliquant sur divers \u00e9l\u00e9ments du site par exemple), vous acceptez le d\u00e9p\u00f4t de cookies sur votre terminal. Vous \u00eates \u00e9galement r\u00e9put\u00e9 avoir donn\u00e9 votre accord au d\u00e9p\u00f4t de cookies en cliquant sur  \u00ab Accepter \u00bb au niveau de la banni\u00e8re figurant en bas \u00e0 droite de votre \u00e9cran.<\/p>\r\n\r\n<p>Selon le type de cookie en cause, le recueil de votre consentement au d\u00e9p\u00f4t et \u00e0 la lecture de cookies sur votre terminal peut \u00eatre imp\u00e9ratif.<\/p>\r\n\r\n<p>a. Les cookies exempt\u00e9s de consentement<\/p>\r\n\r\n<p>Conform\u00e9ment aux recommandations de la Commission Nationale de l\u2019Informatique et des Libert\u00e9s (CNIL), certains cookies sont dispens\u00e9s du recueil pr\u00e9alable de votre consentement dans la mesure o\u00f9 ils sont strictement n\u00e9cessaires au fonctionnement du site internet ou ont pour finalit\u00e9 exclusive de permettre ou faciliter la communication par voie \u00e9lectronique. Il s\u2019agit notamment des cookies d\u2019identifiant de session, d\u2019authentification, de session d\u2019\u00e9quilibrage de charge ainsi que des cookies de personnalisation de votre interface. Ces cookies sont int\u00e9gralement soumis \u00e0 la pr\u00e9sente politique dans la mesure o\u00f9 ils sont \u00e9mis et g\u00e9r\u00e9s par <strong>OBSAM<\/strong>.<\/p>\r\n\r\n<p>b. Les cookies n\u00e9cessitant le recueil pr\u00e9alable de votre consentement<\/p>\r\n\r\n<p>Cette exigence concerne les cookies \u00e9mis par des tiers et qui sont qualifi\u00e9s de \u00ab persistants \u00bb dans la mesure o\u00f9 ils demeurent dans votre terminal jusqu\u2019\u00e0 leur effacement ou leur date d\u2019expiration.<\/p>\r\n\r\n<p>De tels cookies \u00e9tant \u00e9mis par des tiers, leur utilisation et leur d\u00e9p\u00f4t sont soumis \u00e0 leurs propres politiques de confidentialit\u00e9 dont vous trouverez un lien ci-dessous. Cette famille de cookie regroupe les cookies de mesure d\u2019audience (notamment Google Analytics), les cookies publicitaires (auxquels <strong>OBSAM<\/strong> n\u2019a pas recours) ainsi que les cookies de partage de r\u00e9seaux sociaux (notamment de Facebook et Instagram).<\/p>\r\n\r\n<p>Les cookies de mesure d\u2019audience \u00e9tablissent des statistiques concernant la fr\u00e9quentation et l\u2019utilisation de divers \u00e9l\u00e9ments du site web (comme les contenus\/pages que vous avez visit\u00e9). Ces donn\u00e9es participent \u00e0 l\u2019am\u00e9lioration de l\u2019ergonomie du site web de <strong>OBSAM<\/strong>. Un outil de mesure d\u2019audience est utilis\u00e9 sur le pr\u00e9sent site internet :<\/p>\r\n<ul>\r\n<li>\r\no GOOGLE ANALYTICS dont la politique de confidentialit\u00e9 est disponible \u00e0 partir du lien suivant : https:\/\/policies.google.com\/privacy?hl=fr<li>\r\n<\/ul>\r\n\r\n<p>Les cookies de partage des r\u00e9seaux sociaux sont \u00e9mis et g\u00e9r\u00e9s par l\u2019\u00e9diteur du r\u00e9seau social concern\u00e9. Sous r\u00e9serve de votre consentement, ces cookies vous permettent de partager facilement une partie du contenu publi\u00e9 sur le site de <strong>OBSAM<\/strong>, notamment par l\u2019interm\u00e9diaire d\u2019un \u00ab bouton \u00bb applicatif de partage selon le r\u00e9seau social concern\u00e9. Deux types de cookies de partage des r\u00e9seaux sociaux sont pr\u00e9sents sur le site de <strong>OBSAM<\/strong>:<\/p>\r\n<ul>\r\n<li>\r\no Facebook, dont vous pouvez consulter la politique en mati\u00e8re de cookies en cliquant sur le lien suivant : https:\/\/fr-fr.facebook.com\/policies\/cookies\/<\/li>\r\n<li>\r\no Instagram, dont vous trouverez la politique relative aux cookies en cliquant sur le lien suivant : https:\/\/www.facebook.com\/help\/instagram\/1896641480634370<\/li><\/ul>\r\n\r\n<p >c. Vous disposez de divers outils de param\u00e9trage des cookies<\/p>\r\n\r\n<p>La plupart des navigateurs Internet sont configur\u00e9s par d\u00e9faut de fa\u00e7on que le d\u00e9p\u00f4t de cookies soit autoris\u00e9. Votre navigateur vous offre l\u2019opportunit\u00e9 de modifier ces param\u00e8tres standards de mani\u00e8re que l\u2019ensemble des cookies soit rejet\u00e9 syst\u00e9matiquement ou bien \u00e0 ce qu\u2019une partie seulement des cookies soit accept\u00e9e ou refus\u00e9e en fonction de leur \u00e9metteur.<\/p>\r\n\r\n<p>ATTENTION : Nous attirons votre attention sur le fait que le refus du d\u00e9p\u00f4t de cookies sur votre terminal est n\u00e9anmoins susceptible d\u2019alt\u00e9rer votre exp\u00e9rience d\u2019utilisateur ainsi que votre acc\u00e8s \u00e0 certains services ou fonctionnalit\u00e9s du pr\u00e9sent site web. Le cas \u00e9ch\u00e9ant, <strong>OBSAM<\/strong> d\u00e9cline toute responsabilit\u00e9 concernant les cons\u00e9quences li\u00e9es \u00e0 la d\u00e9gradation de vos conditions de navigation qui interviennent en raison de votre choix de refuser, supprimer ou bloquer les cookies n\u00e9cessaires au fonctionnement du site. Ces cons\u00e9quences ne sauraient constituer un dommage et vous ne pourrez pr\u00e9tendre \u00e0 aucune indemnit\u00e9 de ce fait.<\/p>\r\n\r\n<p>Votre navigateur vous permet \u00e9galement de supprimer les cookies existants sur votre terminal ou encore de vous signaler lorsque de nouveaux cookies sont susceptibles d\u2019\u00eatre d\u00e9pos\u00e9s sur votre terminal. Ces param\u00e9trages n\u2019ont pas d\u2019incidence sur votre navigation mais vous font perdre tout le b\u00e9n\u00e9fice apport\u00e9 par le cookie.<\/p>\r\n\r\n<p>Veuillez ci-dessous prendre connaissance des multiples outils mis \u00e0 votre disposition afin que vous puissiez param\u00e9trer les cookies d\u00e9pos\u00e9s sur votre terminal.<\/p>\r\n\r\n<p>d. Le param\u00e9trage de votre navigateur Internet<\/p>\r\n\r\n<p>Chaque navigateur Internet propose ses propres param\u00e8tres de gestion des cookies. Pour savoir de quelle mani\u00e8re modifier vos pr\u00e9f\u00e9rences en mati\u00e8re de cookies, vous trouverez ci-dessous les liens vers l\u2019aide n\u00e9cessaire pour acc\u00e9der au menu de votre navigateur pr\u00e9vu \u00e0 cet effet :<\/p>\r\n\r\n<p>Chrome : <a href=\"https:\/\/support.google.com\/chrome\/answer\/95647?hl=fr\" target=\"_blank\" rel=\"noopener\">https:\/\/support.google.com\/chrome\/answer\/95647?hl=fr<\/a><\/p>\r\n\r\n<p>Firefox : <a href=\"https:\/\/support.mozilla.org\/fr\/kb\/activer-desactiver-cookies\" target=\"_blank\" rel=\"noopener\">https:\/\/support.mozilla.org\/fr\/kb\/activer-desactiver-cookies<\/a><\/p>\r\n\r\n<p>Internet Explorer : <a href=\"https:\/\/support.microsoft.com\/fr-fr\/help\/17442\/windows-internet-explorer-delete-manage-cookies#ie=ie-11\" target=\"_blank\" rel=\"noopener\">https:\/\/support.microsoft.com\/fr-fr\/help\/17442\/windows-internet-explorer-delete-manage-cookies#ie=ie-11<\/a><\/p>\r\n\r\n<p>Opera : <a href=\"https:\/\/help.opera.com\/en\/latest\/security-and-privacy\/#tracking\" target=\"_blank\" rel=\"noopener\">https:\/\/help.opera.com\/en\/latest\/security-and-privacy\/#tracking<\/a><\/p>\r\n\r\n<p>Safari : <a href=\"https:\/\/support.apple.com\/kb\/PH21411?viewlocale=fr_FR&amp;locale=fr_FR\" target=\"_blank\" rel=\"noopener\">Instructions pour configurer les cookies dans Safari<\/a><\/p>\t\t\t\t<\/div>\n\t\t\t\t<\/div>\n\t\t\t\t<\/div>\n\t\t\t\t<\/div>\n\t\t\t\t<\/div>\n\t\t","protected":false},"excerpt":{"rendered":"<p>Politique de confidentialit\u00e9 1. Donn\u00e9es personnelles D\u2019une mani\u00e8re g\u00e9n\u00e9rale, il vous est possible de visiter le site OBSAM sans communiquer aucune information personnelle vous concernant. En toute hypoth\u00e8se, vous \u00eates en aucune mani\u00e8re oblig\u00e9 de transmettre ces informations \u00e0 OBSAM. N\u00e9anmoins, en cas de refus, il se peut que vous ne puissiez pas b\u00e9n\u00e9ficier de [&hellip;]<\/p>\n","protected":false},"author":4,"featured_media":0,"parent":0,"menu_order":0,"comment_status":"closed","ping_status":"closed","template":"","meta":{"_acf_changed":false,"footnotes":""},"class_list":["post-8954","page","type-page","status-publish","hentry"],"acf":[],"_links":{"self":[{"href":"https:\/\/obsam.com\/en\/wp-json\/wp\/v2\/pages\/8954","targetHints":{"allow":["GET"]}}],"collection":[{"href":"https:\/\/obsam.com\/en\/wp-json\/wp\/v2\/pages"}],"about":[{"href":"https:\/\/obsam.com\/en\/wp-json\/wp\/v2\/types\/page"}],"author":[{"embeddable":true,"href":"https:\/\/obsam.com\/en\/wp-json\/wp\/v2\/users\/4"}],"replies":[{"embeddable":true,"href":"https:\/\/obsam.com\/en\/wp-json\/wp\/v2\/comments?post=8954"}],"version-history":[{"count":0,"href":"https:\/\/obsam.com\/en\/wp-json\/wp\/v2\/pages\/8954\/revisions"}],"wp:attachment":[{"href":"https:\/\/obsam.com\/en\/wp-json\/wp\/v2\/media?parent=8954"}],"curies":[{"name":"wp","href":"https:\/\/api.w.org\/{rel}","templated":true}]}}